{"id":10610,"date":"2023-04-24T13:29:48","date_gmt":"2023-04-24T11:29:48","guid":{"rendered":"http:\/\/ecotechnology.wp.local\/datenschutzerklaerung\/"},"modified":"2025-09-16T19:46:02","modified_gmt":"2025-09-16T17:46:02","slug":"privacy-policy","status":"publish","type":"page","link":"https:\/\/www.ecotechnology.at\/en\/privacy-policy\/","title":{"rendered":"Privacy Policy"},"content":{"rendered":"\t\t<div data-elementor-type=\"wp-page\" data-elementor-id=\"10610\" class=\"elementor elementor-10610 elementor-3\" data-elementor-post-type=\"page\">\n\t\t\t\t\t\t<section class=\"elementor-section elementor-top-section elementor-element elementor-element-57d5cc49 elementor-section-boxed elementor-section-height-default elementor-section-height-default\" data-id=\"57d5cc49\" data-element_type=\"section\" data-e-type=\"section\">\n\t\t\t\t\t\t<div class=\"elementor-container elementor-column-gap-default\">\n\t\t\t\t\t<div class=\"elementor-column elementor-col-100 elementor-top-column elementor-element elementor-element-7e7d82ee\" data-id=\"7e7d82ee\" data-element_type=\"column\" data-e-type=\"column\">\n\t\t\t<div class=\"elementor-widget-wrap elementor-element-populated\">\n\t\t\t\t\t\t<div class=\"elementor-element elementor-element-4868a8f5 elementor-widget elementor-widget-text-editor\" data-id=\"4868a8f5\" data-element_type=\"widget\" data-e-type=\"widget\" data-widget_type=\"text-editor.default\">\n\t\t\t\t<div class=\"elementor-widget-container\">\n\t\t\t\t\t\t\t\t\t<p><span lang=\"de-de\">Schutz und Sicherheit Ihrer pers\u00f6nlichen Daten ist uns ein wichtiges Anliegen. Das Bundesministerium f\u00fcr Land- und Forstwirtschaft, Klima- und Umweltschutz, Regionen und Wasserwirtschaft (BML)\u00a0 speichert und verarbeitet Daten daher ausschlie\u00dflich im Sinne der DSGVO.<\/span><\/p><p><span lang=\"de-de\">Daten, die Sie uns \u00fcber Formulare (beispielsweise Kontaktformular, Newsletter- Anmeldung\/Abmeldung, Anmeldungen zu Veranstaltungen, Registrierung f\u00fcr Einladungen f\u00fcr die Exportinitiative) f\u00fcr konkrete Zwecke bekannt geben, werden von uns verantwortungsvoll behandelt und nicht f\u00fcr andere Zwecke weiterverwendet.<\/span><\/p><p><span lang=\"de-de\">Ihre Daten werden grunds\u00e4tzlich nicht an Dritte weitergegeben. Daten, die beim Zugriff auf die Webseite <a href=\"http:\/\/www.ecotechnology.at\">www.ecotechnology.at<\/a> protokolliert wurden, werden an Dritte nur \u00fcbermittelt, soweit wir gesetzlich oder durch Gerichtsentscheidung dazu verpflichtet sind oder dies im Falle von Angriffen auf die Internetinfrastruktur zur Rechts- oder Strafverfolgung erforderlich ist. Eine Weitergabe an Dritte, zu kommerziellen oder nichtkommerziellen Zwecken, findet dar\u00fcber hinaus ohne Ihre ausdr\u00fcckliche Einwilligung nicht statt.<\/span><\/p><p><span lang=\"de-de\">Personen unter 14 Jahren sollten ohne Zustimmung der Eltern oder Erziehungsberechtigten keine personenbezogenen Daten an uns \u00fcbermitteln. Wir fordern keine personenbezogenen Daten von Kindern und Jugendlichen an. Wissentlich sammeln wir solche Daten nicht und geben sie auch nicht an Dritte weiter.<\/span><\/p><p><span lang=\"de-de\">S\u00e4mtliche personenbezogenen Daten werden seitens des BML durch angemessene technische und organisatorische Ma\u00dfnahmen vor Verlust, Zugriff und Manipulation durch Unbefugte gesch\u00fctzt. Dar\u00fcber hinaus werden Vereinbarungen und Ma\u00dfnahmen getroffen, die sicherstellen, dass die Vorschriften \u00fcber den Datenschutz auch von unseren Auftragsverarbeitern beachtet werden. Bitte beachten Sie auch folgende Regelungen bei den <a href=\"https:\/\/www.ecotechnology.at\/wp-content\/uploads\/2023\/07\/BMK.pdf\" target=\"_blank\" rel=\"noopener\">Veranstaltungen des BML<\/a>!<\/span><\/p><p><span lang=\"de-de\">Verantwortlich f\u00fcr die Verarbeitungst\u00e4tigkeit ist das Bundesministerium f\u00fcr Land- und Forstwirtschaft, Klima- und Umweltschutz, Regionen und Wasserwirtschaft (BML)<br \/>E-Mail: <a href=\"mailto:datenschutzbeauftragter@bmluk.gv.at\">datenschutzbeauftragter@bmluk.gv.at<\/a><\/span><\/p><p><span lang=\"de-de\">Datenschutzbeauftragte:<br \/>Mag.a Claudia Sterkl<br \/>Mag.a Denise Mitteregger<\/span><\/p>\t\t\t\t\t\t\t\t<\/div>\n\t\t\t\t<\/div>\n\t\t\t\t\t<\/div>\n\t\t<\/div>\n\t\t\t\t\t<\/div>\n\t\t<\/section>\n\t\t\t\t<section class=\"elementor-section elementor-top-section elementor-element elementor-element-86f0555 elementor-section-boxed elementor-section-height-default elementor-section-height-default\" data-id=\"86f0555\" data-element_type=\"section\" data-e-type=\"section\">\n\t\t\t\t\t\t<div class=\"elementor-container elementor-column-gap-default\">\n\t\t\t\t\t<div class=\"elementor-column elementor-col-100 elementor-top-column elementor-element elementor-element-f18e501\" data-id=\"f18e501\" data-element_type=\"column\" data-e-type=\"column\">\n\t\t\t<div class=\"elementor-widget-wrap elementor-element-populated\">\n\t\t\t\t\t\t<div class=\"elementor-element elementor-element-2b3962f elementor-widget elementor-widget-text-editor\" data-id=\"2b3962f\" data-element_type=\"widget\" data-e-type=\"widget\" data-widget_type=\"text-editor.default\">\n\t\t\t\t<div class=\"elementor-widget-container\">\n\t\t\t\t\t\t\t\t\t<p><span class=\"borlabs-cookie-open-dialog-preferences brlbs-cmpnt-container\" data-borlabs-cookie-title=\"Cookie settings\" data-borlabs-cookie-type=\"button\" ><\/span><\/p>\t\t\t\t\t\t\t\t<\/div>\n\t\t\t\t<\/div>\n\t\t\t\t\t<\/div>\n\t\t<\/div>\n\t\t\t\t\t<\/div>\n\t\t<\/section>\n\t\t\t\t<\/div>\n\t\t","protected":false},"excerpt":{"rendered":"<p>Schutz und Sicherheit Ihrer pers\u00f6nlichen Daten ist uns ein wichtiges Anliegen. Das Bundesministerium f\u00fcr Land- und Forstwirtschaft, Klima- und Umweltschutz, Regionen und Wasserwirtschaft (BML)\u00a0 speichert und verarbeitet Daten daher ausschlie\u00dflich im Sinne der DSGVO. Daten, die Sie uns \u00fcber Formulare (beispielsweise Kontaktformular, Newsletter- Anmeldung\/Abmeldung, Anmeldungen zu Veranstaltungen, Registrierung f\u00fcr Einladungen f\u00fcr die Exportinitiative) f\u00fcr konkrete [&hellip;]<\/p>\n","protected":false},"author":1,"featured_media":0,"parent":0,"menu_order":0,"comment_status":"closed","ping_status":"closed","template":"","meta":{"_acf_changed":false,"footnotes":""},"class_list":["post-10610","page","type-page","status-publish","hentry"],"acf":[],"yoast_head":"<!-- This site is optimized with the Yoast SEO plugin v26.9 - https:\/\/yoast.com\/product\/yoast-seo-wordpress\/ -->\n<title>Privacy Policy - ecotechnology<\/title>\n<meta name=\"robots\" content=\"index, follow, max-snippet:-1, max-image-preview:large, max-video-preview:-1\" \/>\n<link rel=\"canonical\" href=\"https:\/\/www.ecotechnology.at\/en\/privacy-policy\/\" \/>\n<meta property=\"og:locale\" content=\"en_US\" \/>\n<meta property=\"og:type\" content=\"article\" \/>\n<meta property=\"og:title\" content=\"Privacy Policy - ecotechnology\" \/>\n<meta property=\"og:description\" content=\"Schutz und Sicherheit Ihrer pers\u00f6nlichen Daten ist uns ein wichtiges Anliegen. Das Bundesministerium f\u00fcr Land- und Forstwirtschaft, Klima- und Umweltschutz, Regionen und Wasserwirtschaft (BML)\u00a0 speichert und verarbeitet Daten daher ausschlie\u00dflich im Sinne der DSGVO. Daten, die Sie uns \u00fcber Formulare (beispielsweise Kontaktformular, Newsletter- Anmeldung\/Abmeldung, Anmeldungen zu Veranstaltungen, Registrierung f\u00fcr Einladungen f\u00fcr die Exportinitiative) f\u00fcr konkrete [&hellip;]\" \/>\n<meta property=\"og:url\" content=\"https:\/\/www.ecotechnology.at\/en\/privacy-policy\/\" \/>\n<meta property=\"og:site_name\" content=\"ecotechnology\" \/>\n<meta property=\"article:modified_time\" content=\"2025-09-16T17:46:02+00:00\" \/>\n<meta name=\"twitter:card\" content=\"summary_large_image\" \/>\n<meta name=\"twitter:label1\" content=\"Est. reading time\" \/>\n\t<meta name=\"twitter:data1\" content=\"2 minutes\" \/>\n<script type=\"application\/ld+json\" class=\"yoast-schema-graph\">{\"@context\":\"https:\/\/schema.org\",\"@graph\":[{\"@type\":\"WebPage\",\"@id\":\"https:\/\/www.ecotechnology.at\/en\/privacy-policy\/\",\"url\":\"https:\/\/www.ecotechnology.at\/en\/privacy-policy\/\",\"name\":\"Privacy Policy - ecotechnology\",\"isPartOf\":{\"@id\":\"https:\/\/www.ecotechnology.at\/en\/#website\"},\"datePublished\":\"2023-04-24T11:29:48+00:00\",\"dateModified\":\"2025-09-16T17:46:02+00:00\",\"breadcrumb\":{\"@id\":\"https:\/\/www.ecotechnology.at\/en\/privacy-policy\/#breadcrumb\"},\"inLanguage\":\"en-US\",\"potentialAction\":[{\"@type\":\"ReadAction\",\"target\":[\"https:\/\/www.ecotechnology.at\/en\/privacy-policy\/\"]}]},{\"@type\":\"BreadcrumbList\",\"@id\":\"https:\/\/www.ecotechnology.at\/en\/privacy-policy\/#breadcrumb\",\"itemListElement\":[{\"@type\":\"ListItem\",\"position\":1,\"name\":\"Home\",\"item\":\"https:\/\/www.ecotechnology.at\/en\/\"},{\"@type\":\"ListItem\",\"position\":2,\"name\":\"Privacy Policy\"}]},{\"@type\":\"WebSite\",\"@id\":\"https:\/\/www.ecotechnology.at\/en\/#website\",\"url\":\"https:\/\/www.ecotechnology.at\/en\/\",\"name\":\"ecotechnology\",\"description\":\"\",\"publisher\":{\"@id\":\"https:\/\/www.ecotechnology.at\/en\/#organization\"},\"potentialAction\":[{\"@type\":\"SearchAction\",\"target\":{\"@type\":\"EntryPoint\",\"urlTemplate\":\"https:\/\/www.ecotechnology.at\/en\/?s={search_term_string}\"},\"query-input\":{\"@type\":\"PropertyValueSpecification\",\"valueRequired\":true,\"valueName\":\"search_term_string\"}}],\"inLanguage\":\"en-US\"},{\"@type\":\"Organization\",\"@id\":\"https:\/\/www.ecotechnology.at\/en\/#organization\",\"name\":\"ecotechnology\",\"url\":\"https:\/\/www.ecotechnology.at\/en\/\",\"logo\":{\"@type\":\"ImageObject\",\"inLanguage\":\"en-US\",\"@id\":\"https:\/\/www.ecotechnology.at\/en\/#\/schema\/logo\/image\/\",\"url\":\"https:\/\/www.ecotechnology.at\/wp-content\/uploads\/2023\/04\/ecolinks_logo_0.png\",\"contentUrl\":\"https:\/\/www.ecotechnology.at\/wp-content\/uploads\/2023\/04\/ecolinks_logo_0.png\",\"width\":336,\"height\":128,\"caption\":\"ecotechnology\"},\"image\":{\"@id\":\"https:\/\/www.ecotechnology.at\/en\/#\/schema\/logo\/image\/\"}}]}<\/script>\n<!-- \/ Yoast SEO plugin. -->","yoast_head_json":{"title":"Privacy Policy - ecotechnology","robots":{"index":"index","follow":"follow","max-snippet":"max-snippet:-1","max-image-preview":"max-image-preview:large","max-video-preview":"max-video-preview:-1"},"canonical":"https:\/\/www.ecotechnology.at\/en\/privacy-policy\/","og_locale":"en_US","og_type":"article","og_title":"Privacy Policy - ecotechnology","og_description":"Schutz und Sicherheit Ihrer pers\u00f6nlichen Daten ist uns ein wichtiges Anliegen. Das Bundesministerium f\u00fcr Land- und Forstwirtschaft, Klima- und Umweltschutz, Regionen und Wasserwirtschaft (BML)\u00a0 speichert und verarbeitet Daten daher ausschlie\u00dflich im Sinne der DSGVO. Daten, die Sie uns \u00fcber Formulare (beispielsweise Kontaktformular, Newsletter- Anmeldung\/Abmeldung, Anmeldungen zu Veranstaltungen, Registrierung f\u00fcr Einladungen f\u00fcr die Exportinitiative) f\u00fcr konkrete [&hellip;]","og_url":"https:\/\/www.ecotechnology.at\/en\/privacy-policy\/","og_site_name":"ecotechnology","article_modified_time":"2025-09-16T17:46:02+00:00","twitter_card":"summary_large_image","twitter_misc":{"Est. reading time":"2 minutes"},"schema":{"@context":"https:\/\/schema.org","@graph":[{"@type":"WebPage","@id":"https:\/\/www.ecotechnology.at\/en\/privacy-policy\/","url":"https:\/\/www.ecotechnology.at\/en\/privacy-policy\/","name":"Privacy Policy - ecotechnology","isPartOf":{"@id":"https:\/\/www.ecotechnology.at\/en\/#website"},"datePublished":"2023-04-24T11:29:48+00:00","dateModified":"2025-09-16T17:46:02+00:00","breadcrumb":{"@id":"https:\/\/www.ecotechnology.at\/en\/privacy-policy\/#breadcrumb"},"inLanguage":"en-US","potentialAction":[{"@type":"ReadAction","target":["https:\/\/www.ecotechnology.at\/en\/privacy-policy\/"]}]},{"@type":"BreadcrumbList","@id":"https:\/\/www.ecotechnology.at\/en\/privacy-policy\/#breadcrumb","itemListElement":[{"@type":"ListItem","position":1,"name":"Home","item":"https:\/\/www.ecotechnology.at\/en\/"},{"@type":"ListItem","position":2,"name":"Privacy Policy"}]},{"@type":"WebSite","@id":"https:\/\/www.ecotechnology.at\/en\/#website","url":"https:\/\/www.ecotechnology.at\/en\/","name":"ecotechnology","description":"","publisher":{"@id":"https:\/\/www.ecotechnology.at\/en\/#organization"},"potentialAction":[{"@type":"SearchAction","target":{"@type":"EntryPoint","urlTemplate":"https:\/\/www.ecotechnology.at\/en\/?s={search_term_string}"},"query-input":{"@type":"PropertyValueSpecification","valueRequired":true,"valueName":"search_term_string"}}],"inLanguage":"en-US"},{"@type":"Organization","@id":"https:\/\/www.ecotechnology.at\/en\/#organization","name":"ecotechnology","url":"https:\/\/www.ecotechnology.at\/en\/","logo":{"@type":"ImageObject","inLanguage":"en-US","@id":"https:\/\/www.ecotechnology.at\/en\/#\/schema\/logo\/image\/","url":"https:\/\/www.ecotechnology.at\/wp-content\/uploads\/2023\/04\/ecolinks_logo_0.png","contentUrl":"https:\/\/www.ecotechnology.at\/wp-content\/uploads\/2023\/04\/ecolinks_logo_0.png","width":336,"height":128,"caption":"ecotechnology"},"image":{"@id":"https:\/\/www.ecotechnology.at\/en\/#\/schema\/logo\/image\/"}}]}},"_links":{"self":[{"href":"https:\/\/www.ecotechnology.at\/en\/wp-json\/wp\/v2\/pages\/10610","targetHints":{"allow":["GET"]}}],"collection":[{"href":"https:\/\/www.ecotechnology.at\/en\/wp-json\/wp\/v2\/pages"}],"about":[{"href":"https:\/\/www.ecotechnology.at\/en\/wp-json\/wp\/v2\/types\/page"}],"author":[{"embeddable":true,"href":"https:\/\/www.ecotechnology.at\/en\/wp-json\/wp\/v2\/users\/1"}],"replies":[{"embeddable":true,"href":"https:\/\/www.ecotechnology.at\/en\/wp-json\/wp\/v2\/comments?post=10610"}],"version-history":[{"count":5,"href":"https:\/\/www.ecotechnology.at\/en\/wp-json\/wp\/v2\/pages\/10610\/revisions"}],"predecessor-version":[{"id":27242,"href":"https:\/\/www.ecotechnology.at\/en\/wp-json\/wp\/v2\/pages\/10610\/revisions\/27242"}],"wp:attachment":[{"href":"https:\/\/www.ecotechnology.at\/en\/wp-json\/wp\/v2\/media?parent=10610"}],"curies":[{"name":"wp","href":"https:\/\/api.w.org\/{rel}","templated":true}]}}